{"id":11,"date":"2024-02-06T20:20:50","date_gmt":"2024-02-06T20:20:50","guid":{"rendered":"https:\/\/lanasalgados.com.br\/index.php\/home\/"},"modified":"2026-02-02T09:30:12","modified_gmt":"2026-02-02T12:30:12","slug":"home","status":"publish","type":"page","link":"https:\/\/lanasalgados.com.br\/","title":{"rendered":"Lana Salgados"},"content":{"rendered":"<p><div class=\"fusion-fullwidth fullwidth-box fusion-builder-row-1 fusion-flex-container has-pattern-background has-mask-background nonhundred-percent-fullwidth non-hundred-percent-height-scrolling\" style=\"--awb-border-radius-top-left:0px;--awb-border-radius-top-right:0px;--awb-border-radius-bottom-right:0px;--awb-border-radius-bottom-left:0px;--awb-padding-top:20px;--awb-flex-wrap:wrap;\" ><div class=\"fusion-builder-row fusion-row fusion-flex-align-items-flex-start fusion-flex-content-wrap\" style=\"max-width:1248px;margin-left: calc(-4% \/ 2 );margin-right: calc(-4% \/ 2 );\"><div class=\"fusion-layout-column fusion_builder_column fusion-builder-column-0 fusion_builder_column_1_1 1_1 fusion-flex-column\" style=\"--awb-bg-size:cover;--awb-width-large:100%;--awb-margin-top-large:0px;--awb-spacing-right-large:1.92%;--awb-margin-bottom-large:20px;--awb-spacing-left-large:1.92%;--awb-width-medium:100%;--awb-order-medium:0;--awb-spacing-right-medium:1.92%;--awb-spacing-left-medium:1.92%;--awb-width-small:100%;--awb-order-small:0;--awb-spacing-right-small:1.92%;--awb-spacing-left-small:1.92%;\"><div class=\"fusion-column-wrapper fusion-column-has-shadow fusion-flex-justify-content-flex-start fusion-content-layout-column\"><div class=\"awb-gallery-wrapper awb-gallery-wrapper-1 button-span-no\" style=\"--more-btn-alignment:center;\"><div style=\"margin:-5px;--awb-bordersize:0px;\" class=\"fusion-gallery fusion-gallery-container fusion-grid-3 fusion-columns-total-9 fusion-gallery-layout-masonry fusion-gallery-1\"><div class=\"fusion-grid-column fusion-gallery-column fusion-gallery-column-3 hover-type-none fusion-grid-sizer\"><\/div><div style=\"padding:5px;\" class=\"fusion-grid-column fusion-gallery-column fusion-gallery-column-3 hover-type-none fusion-element-grid\"><div class=\"fusion-gallery-image\"><a href=\"https:\/\/lanasalgados.com.br\/wp-content\/uploads\/2024\/12\/3.png\" rel=\"noreferrer\" data-rel=\"iLightbox[gallery_image_1]\" class=\"fusion-lightbox\" target=\"_self\"><div style=\"background-image:url(https:\/\/lanasalgados.com.br\/wp-content\/uploads\/2024\/12\/3.png);padding-top:calc((100% + 10px) * 0.8 - 5px);background-position:;\" class=\"fusion-masonry-element-container\"><img decoding=\"async\" src=\"https:\/\/lanasalgados.com.br\/wp-content\/uploads\/2024\/12\/3.png\" width=\"900\" height=\"900\" alt=\"\" title=\"3\" aria-label=\"3\" class=\"img-responsive wp-image-126\" srcset=\"https:\/\/lanasalgados.com.br\/wp-content\/uploads\/2024\/12\/3-200x200.png 200w, https:\/\/lanasalgados.com.br\/wp-content\/uploads\/2024\/12\/3-400x400.png 400w, https:\/\/lanasalgados.com.br\/wp-content\/uploads\/2024\/12\/3-600x600.png 600w, https:\/\/lanasalgados.com.br\/wp-content\/uploads\/2024\/12\/3-800x800.png 800w, https:\/\/lanasalgados.com.br\/wp-content\/uploads\/2024\/12\/3.png 900w\" sizes=\"(min-width: 2200px) 100vw, (min-width: 784px) 397px, (min-width: 712px) 595px, (min-width: 640px) 712px, \" \/><\/div><\/a><\/div><\/div><div style=\"padding:5px;\" class=\"fusion-grid-column fusion-gallery-column fusion-gallery-column-3 hover-type-none fusion-element-grid\"><div class=\"fusion-gallery-image\"><a href=\"https:\/\/lanasalgados.com.br\/wp-content\/uploads\/2024\/12\/4.png\" rel=\"noreferrer\" data-rel=\"iLightbox[gallery_image_1]\" class=\"fusion-lightbox\" target=\"_self\"><div style=\"background-image:url(https:\/\/lanasalgados.com.br\/wp-content\/uploads\/2024\/12\/4.png);padding-top:calc((100% + 10px) * 0.8 - 5px);background-position:;\" class=\"fusion-masonry-element-container\"><img decoding=\"async\" src=\"https:\/\/lanasalgados.com.br\/wp-content\/uploads\/2024\/12\/4.png\" width=\"900\" height=\"900\" alt=\"\" title=\"4\" aria-label=\"4\" class=\"img-responsive wp-image-127\" srcset=\"https:\/\/lanasalgados.com.br\/wp-content\/uploads\/2024\/12\/4-200x200.png 200w, https:\/\/lanasalgados.com.br\/wp-content\/uploads\/2024\/12\/4-400x400.png 400w, https:\/\/lanasalgados.com.br\/wp-content\/uploads\/2024\/12\/4-600x600.png 600w, https:\/\/lanasalgados.com.br\/wp-content\/uploads\/2024\/12\/4-800x800.png 800w, https:\/\/lanasalgados.com.br\/wp-content\/uploads\/2024\/12\/4.png 900w\" sizes=\"(min-width: 2200px) 100vw, (min-width: 784px) 397px, (min-width: 712px) 595px, (min-width: 640px) 712px, \" \/><\/div><\/a><\/div><\/div><div style=\"padding:5px;\" class=\"fusion-grid-column fusion-gallery-column fusion-gallery-column-3 hover-type-none fusion-element-grid\"><div class=\"fusion-gallery-image\"><a href=\"https:\/\/lanasalgados.com.br\/wp-content\/uploads\/2024\/12\/5.png\" rel=\"noreferrer\" data-rel=\"iLightbox[gallery_image_1]\" class=\"fusion-lightbox\" target=\"_self\"><div style=\"background-image:url(https:\/\/lanasalgados.com.br\/wp-content\/uploads\/2024\/12\/5.png);padding-top:calc((100% + 10px) * 0.8 - 5px);background-position:;\" class=\"fusion-masonry-element-container\"><img decoding=\"async\" src=\"https:\/\/lanasalgados.com.br\/wp-content\/uploads\/2024\/12\/5.png\" width=\"900\" height=\"900\" alt=\"\" title=\"5\" aria-label=\"5\" class=\"img-responsive wp-image-128\" srcset=\"https:\/\/lanasalgados.com.br\/wp-content\/uploads\/2024\/12\/5-200x200.png 200w, https:\/\/lanasalgados.com.br\/wp-content\/uploads\/2024\/12\/5-400x400.png 400w, https:\/\/lanasalgados.com.br\/wp-content\/uploads\/2024\/12\/5-600x600.png 600w, https:\/\/lanasalgados.com.br\/wp-content\/uploads\/2024\/12\/5-800x800.png 800w, https:\/\/lanasalgados.com.br\/wp-content\/uploads\/2024\/12\/5.png 900w\" sizes=\"(min-width: 2200px) 100vw, (min-width: 784px) 397px, (min-width: 712px) 595px, (min-width: 640px) 712px, \" \/><\/div><\/a><\/div><\/div><div style=\"padding:5px;\" class=\"fusion-grid-column fusion-gallery-column fusion-gallery-column-3 hover-type-none fusion-element-grid\"><div class=\"fusion-gallery-image\"><a href=\"https:\/\/lanasalgados.com.br\/wp-content\/uploads\/2024\/12\/6.png\" rel=\"noreferrer\" data-rel=\"iLightbox[gallery_image_1]\" class=\"fusion-lightbox\" target=\"_self\"><div style=\"background-image:url(https:\/\/lanasalgados.com.br\/wp-content\/uploads\/2024\/12\/6.png);padding-top:calc((100% + 10px) * 0.8 - 5px);background-position:;\" class=\"fusion-masonry-element-container\"><img decoding=\"async\" src=\"https:\/\/lanasalgados.com.br\/wp-content\/uploads\/2024\/12\/6.png\" width=\"900\" height=\"900\" alt=\"\" title=\"6\" aria-label=\"6\" class=\"img-responsive wp-image-129\" srcset=\"https:\/\/lanasalgados.com.br\/wp-content\/uploads\/2024\/12\/6-200x200.png 200w, https:\/\/lanasalgados.com.br\/wp-content\/uploads\/2024\/12\/6-400x400.png 400w, https:\/\/lanasalgados.com.br\/wp-content\/uploads\/2024\/12\/6-600x600.png 600w, https:\/\/lanasalgados.com.br\/wp-content\/uploads\/2024\/12\/6-800x800.png 800w, https:\/\/lanasalgados.com.br\/wp-content\/uploads\/2024\/12\/6.png 900w\" sizes=\"(min-width: 2200px) 100vw, (min-width: 784px) 397px, (min-width: 712px) 595px, (min-width: 640px) 712px, \" \/><\/div><\/a><\/div><\/div><div style=\"padding:5px;\" class=\"fusion-grid-column fusion-gallery-column fusion-gallery-column-3 hover-type-none fusion-element-grid\"><div class=\"fusion-gallery-image\"><a href=\"https:\/\/lanasalgados.com.br\/wp-content\/uploads\/2024\/12\/7.png\" rel=\"noreferrer\" data-rel=\"iLightbox[gallery_image_1]\" class=\"fusion-lightbox\" target=\"_self\"><div style=\"background-image:url(https:\/\/lanasalgados.com.br\/wp-content\/uploads\/2024\/12\/7.png);padding-top:calc((100% + 10px) * 0.8 - 5px);background-position:;\" class=\"fusion-masonry-element-container\"><img decoding=\"async\" src=\"https:\/\/lanasalgados.com.br\/wp-content\/uploads\/2024\/12\/7.png\" width=\"900\" height=\"900\" alt=\"\" title=\"7\" aria-label=\"7\" class=\"img-responsive wp-image-130\" srcset=\"https:\/\/lanasalgados.com.br\/wp-content\/uploads\/2024\/12\/7-200x200.png 200w, https:\/\/lanasalgados.com.br\/wp-content\/uploads\/2024\/12\/7-400x400.png 400w, https:\/\/lanasalgados.com.br\/wp-content\/uploads\/2024\/12\/7-600x600.png 600w, https:\/\/lanasalgados.com.br\/wp-content\/uploads\/2024\/12\/7-800x800.png 800w, https:\/\/lanasalgados.com.br\/wp-content\/uploads\/2024\/12\/7.png 900w\" sizes=\"(min-width: 2200px) 100vw, (min-width: 784px) 397px, (min-width: 712px) 595px, (min-width: 640px) 712px, \" \/><\/div><\/a><\/div><\/div><div style=\"padding:5px;\" class=\"fusion-grid-column fusion-gallery-column fusion-gallery-column-3 hover-type-none fusion-element-grid\"><div class=\"fusion-gallery-image\"><a href=\"https:\/\/lanasalgados.com.br\/wp-content\/uploads\/2024\/12\/9.png\" rel=\"noreferrer\" data-rel=\"iLightbox[gallery_image_1]\" class=\"fusion-lightbox\" target=\"_self\"><div style=\"background-image:url(https:\/\/lanasalgados.com.br\/wp-content\/uploads\/2024\/12\/9.png);padding-top:calc((100% + 10px) * 0.8 - 5px);background-position:;\" class=\"fusion-masonry-element-container\"><img decoding=\"async\" src=\"https:\/\/lanasalgados.com.br\/wp-content\/uploads\/2024\/12\/9.png\" width=\"900\" height=\"900\" alt=\"\" title=\"9\" aria-label=\"9\" class=\"img-responsive wp-image-132\" srcset=\"https:\/\/lanasalgados.com.br\/wp-content\/uploads\/2024\/12\/9-200x200.png 200w, https:\/\/lanasalgados.com.br\/wp-content\/uploads\/2024\/12\/9-400x400.png 400w, https:\/\/lanasalgados.com.br\/wp-content\/uploads\/2024\/12\/9-600x600.png 600w, https:\/\/lanasalgados.com.br\/wp-content\/uploads\/2024\/12\/9-800x800.png 800w, https:\/\/lanasalgados.com.br\/wp-content\/uploads\/2024\/12\/9.png 900w\" sizes=\"(min-width: 2200px) 100vw, (min-width: 784px) 397px, (min-width: 712px) 595px, (min-width: 640px) 712px, \" \/><\/div><\/a><\/div><\/div><div style=\"padding:5px;\" class=\"fusion-grid-column fusion-gallery-column fusion-gallery-column-3 hover-type-none fusion-element-grid\"><div class=\"fusion-gallery-image\"><a href=\"https:\/\/lanasalgados.com.br\/wp-content\/uploads\/2024\/12\/13.png\" rel=\"noreferrer\" data-rel=\"iLightbox[gallery_image_1]\" class=\"fusion-lightbox\" target=\"_self\"><div style=\"background-image:url(https:\/\/lanasalgados.com.br\/wp-content\/uploads\/2024\/12\/13.png);padding-top:calc((100% + 10px) * 0.8 - 5px);background-position:;\" class=\"fusion-masonry-element-container\"><img decoding=\"async\" src=\"https:\/\/lanasalgados.com.br\/wp-content\/uploads\/2024\/12\/13.png\" width=\"900\" height=\"900\" alt=\"\" title=\"13\" aria-label=\"13\" class=\"img-responsive wp-image-136\" srcset=\"https:\/\/lanasalgados.com.br\/wp-content\/uploads\/2024\/12\/13-200x200.png 200w, https:\/\/lanasalgados.com.br\/wp-content\/uploads\/2024\/12\/13-400x400.png 400w, https:\/\/lanasalgados.com.br\/wp-content\/uploads\/2024\/12\/13-600x600.png 600w, https:\/\/lanasalgados.com.br\/wp-content\/uploads\/2024\/12\/13-800x800.png 800w, https:\/\/lanasalgados.com.br\/wp-content\/uploads\/2024\/12\/13.png 900w\" sizes=\"(min-width: 2200px) 100vw, (min-width: 784px) 397px, (min-width: 712px) 595px, (min-width: 640px) 712px, \" \/><\/div><\/a><\/div><\/div><div style=\"padding:5px;\" class=\"fusion-grid-column fusion-gallery-column fusion-gallery-column-3 hover-type-none fusion-element-grid\"><div class=\"fusion-gallery-image\"><a href=\"https:\/\/lanasalgados.com.br\/wp-content\/uploads\/2024\/12\/14.png\" rel=\"noreferrer\" data-rel=\"iLightbox[gallery_image_1]\" class=\"fusion-lightbox\" target=\"_self\"><div style=\"background-image:url(https:\/\/lanasalgados.com.br\/wp-content\/uploads\/2024\/12\/14.png);padding-top:calc((100% + 10px) * 0.8 - 5px);background-position:;\" class=\"fusion-masonry-element-container\"><img decoding=\"async\" src=\"https:\/\/lanasalgados.com.br\/wp-content\/uploads\/2024\/12\/14.png\" width=\"900\" height=\"900\" alt=\"\" title=\"14\" aria-label=\"14\" class=\"img-responsive wp-image-137\" srcset=\"https:\/\/lanasalgados.com.br\/wp-content\/uploads\/2024\/12\/14-200x200.png 200w, https:\/\/lanasalgados.com.br\/wp-content\/uploads\/2024\/12\/14-400x400.png 400w, https:\/\/lanasalgados.com.br\/wp-content\/uploads\/2024\/12\/14-600x600.png 600w, https:\/\/lanasalgados.com.br\/wp-content\/uploads\/2024\/12\/14-800x800.png 800w, https:\/\/lanasalgados.com.br\/wp-content\/uploads\/2024\/12\/14.png 900w\" sizes=\"(min-width: 2200px) 100vw, (min-width: 784px) 397px, (min-width: 712px) 595px, (min-width: 640px) 712px, \" \/><\/div><\/a><\/div><\/div><div style=\"padding:5px;\" class=\"fusion-grid-column fusion-gallery-column fusion-gallery-column-3 hover-type-none fusion-element-grid\"><div class=\"fusion-gallery-image\"><a href=\"https:\/\/lanasalgados.com.br\/wp-content\/uploads\/2024\/12\/15.png\" rel=\"noreferrer\" data-rel=\"iLightbox[gallery_image_1]\" class=\"fusion-lightbox\" target=\"_self\"><div style=\"background-image:url(https:\/\/lanasalgados.com.br\/wp-content\/uploads\/2024\/12\/15.png);padding-top:calc((100% + 10px) * 0.8 - 5px);background-position:;\" class=\"fusion-masonry-element-container\"><img decoding=\"async\" src=\"https:\/\/lanasalgados.com.br\/wp-content\/uploads\/2024\/12\/15.png\" width=\"900\" height=\"900\" alt=\"\" title=\"15\" aria-label=\"15\" class=\"img-responsive wp-image-138\" srcset=\"https:\/\/lanasalgados.com.br\/wp-content\/uploads\/2024\/12\/15-200x200.png 200w, https:\/\/lanasalgados.com.br\/wp-content\/uploads\/2024\/12\/15-400x400.png 400w, https:\/\/lanasalgados.com.br\/wp-content\/uploads\/2024\/12\/15-600x600.png 600w, https:\/\/lanasalgados.com.br\/wp-content\/uploads\/2024\/12\/15-800x800.png 800w, https:\/\/lanasalgados.com.br\/wp-content\/uploads\/2024\/12\/15.png 900w\" sizes=\"(min-width: 2200px) 100vw, (min-width: 784px) 397px, (min-width: 712px) 595px, (min-width: 640px) 712px, \" \/><\/div><\/a><\/div><\/div><\/div><\/div><\/div><\/div><\/div><\/div><div class=\"fusion-fullwidth fullwidth-box fusion-builder-row-2 fusion-flex-container has-pattern-background has-mask-background nonhundred-percent-fullwidth non-hundred-percent-height-scrolling\" style=\"--awb-border-radius-top-left:0px;--awb-border-radius-top-right:0px;--awb-border-radius-bottom-right:0px;--awb-border-radius-bottom-left:0px;--awb-padding-top:20px;--awb-flex-wrap:wrap;\" ><div class=\"fusion-builder-row fusion-row fusion-flex-align-items-center fusion-flex-justify-content-center fusion-flex-content-wrap\" style=\"max-width:1248px;margin-left: calc(-4% \/ 2 );margin-right: calc(-4% \/ 2 );\"><div class=\"fusion-layout-column fusion_builder_column fusion-builder-column-1 fusion_builder_column_1_2 1_2 fusion-flex-column fusion-flex-align-self-center\" style=\"--awb-bg-size:cover;--awb-width-large:50%;--awb-margin-top-large:0px;--awb-spacing-right-large:3.84%;--awb-margin-bottom-large:20px;--awb-spacing-left-large:3.84%;--awb-width-medium:50%;--awb-order-medium:0;--awb-spacing-right-medium:3.84%;--awb-spacing-left-medium:3.84%;--awb-width-small:100%;--awb-order-small:0;--awb-spacing-right-small:1.92%;--awb-spacing-left-small:1.92%;\"><div class=\"fusion-column-wrapper fusion-column-has-shadow fusion-flex-justify-content-center fusion-content-layout-column\"><div class=\"fusion-image-element \" style=\"--awb-caption-title-font-family:var(--h2_typography-font-family);--awb-caption-title-font-weight:var(--h2_typography-font-weight);--awb-caption-title-font-style:var(--h2_typography-font-style);--awb-caption-title-size:var(--h2_typography-font-size);--awb-caption-title-transform:var(--h2_typography-text-transform);--awb-caption-title-line-height:var(--h2_typography-line-height);--awb-caption-title-letter-spacing:var(--h2_typography-letter-spacing);\"><span class=\" fusion-imageframe imageframe-none imageframe-1 hover-type-none\"><a href=\"https:\/\/lanasalgados.com.br\/wp-content\/uploads\/2026\/02\/cardapio2026-a.jpg\" class=\"fusion-lightbox\" data-rel=\"iLightbox[faa991710d033753f76]\" data-title=\"card\u00e1pio2026-a\" title=\"card\u00e1pio2026-a\"><img decoding=\"async\" width=\"927\" height=\"1280\" alt=\"Lana Salgados\" src=\"https:\/\/lanasalgados.com.br\/wp-content\/uploads\/2026\/02\/cardapio2026-a.jpg\" class=\"img-responsive wp-image-169\" srcset=\"https:\/\/lanasalgados.com.br\/wp-content\/uploads\/2026\/02\/cardapio2026-a-200x276.jpg 200w, https:\/\/lanasalgados.com.br\/wp-content\/uploads\/2026\/02\/cardapio2026-a-400x552.jpg 400w, https:\/\/lanasalgados.com.br\/wp-content\/uploads\/2026\/02\/cardapio2026-a-600x828.jpg 600w, https:\/\/lanasalgados.com.br\/wp-content\/uploads\/2026\/02\/cardapio2026-a-800x1105.jpg 800w, https:\/\/lanasalgados.com.br\/wp-content\/uploads\/2026\/02\/cardapio2026-a.jpg 927w\" sizes=\"(max-width: 640px) 100vw, 600px\" \/><\/a><\/span><\/div><\/div><\/div><div class=\"fusion-layout-column fusion_builder_column fusion-builder-column-2 fusion_builder_column_1_2 1_2 fusion-flex-column fusion-flex-align-self-center\" style=\"--awb-bg-size:cover;--awb-width-large:50%;--awb-margin-top-large:0px;--awb-spacing-right-large:3.84%;--awb-margin-bottom-large:20px;--awb-spacing-left-large:3.84%;--awb-width-medium:50%;--awb-order-medium:0;--awb-spacing-right-medium:3.84%;--awb-spacing-left-medium:3.84%;--awb-width-small:100%;--awb-order-small:0;--awb-spacing-right-small:1.92%;--awb-spacing-left-small:1.92%;\"><div class=\"fusion-column-wrapper fusion-column-has-shadow fusion-flex-justify-content-center fusion-content-layout-column\"><div class=\"fusion-image-element \" style=\"--awb-caption-title-font-family:var(--h2_typography-font-family);--awb-caption-title-font-weight:var(--h2_typography-font-weight);--awb-caption-title-font-style:var(--h2_typography-font-style);--awb-caption-title-size:var(--h2_typography-font-size);--awb-caption-title-transform:var(--h2_typography-text-transform);--awb-caption-title-line-height:var(--h2_typography-line-height);--awb-caption-title-letter-spacing:var(--h2_typography-letter-spacing);\"><span class=\" fusion-imageframe imageframe-none imageframe-2 hover-type-none\"><a href=\"https:\/\/lanasalgados.com.br\/wp-content\/uploads\/2026\/02\/cardapio2026-b.jpg\" class=\"fusion-lightbox\" data-rel=\"iLightbox[4075d99a15763fdb70a]\" data-title=\"card\u00e1pio2026-b\" title=\"card\u00e1pio2026-b\"><img decoding=\"async\" width=\"900\" height=\"1600\" alt=\"Lana Salgados\" src=\"https:\/\/lanasalgados.com.br\/wp-content\/uploads\/2026\/02\/cardapio2026-b.jpg\" class=\"img-responsive wp-image-170\" srcset=\"https:\/\/lanasalgados.com.br\/wp-content\/uploads\/2026\/02\/cardapio2026-b-200x356.jpg 200w, https:\/\/lanasalgados.com.br\/wp-content\/uploads\/2026\/02\/cardapio2026-b-400x711.jpg 400w, https:\/\/lanasalgados.com.br\/wp-content\/uploads\/2026\/02\/cardapio2026-b-600x1067.jpg 600w, https:\/\/lanasalgados.com.br\/wp-content\/uploads\/2026\/02\/cardapio2026-b-800x1422.jpg 800w, https:\/\/lanasalgados.com.br\/wp-content\/uploads\/2026\/02\/cardapio2026-b.jpg 900w\" sizes=\"(max-width: 640px) 100vw, 600px\" \/><\/a><\/span><\/div><\/div><\/div><\/div><\/div><\/p>\n","protected":false},"excerpt":{"rendered":"","protected":false},"author":1,"featured_media":0,"parent":0,"menu_order":0,"comment_status":"closed","ping_status":"closed","template":"100-width.php","meta":{"footnotes":""},"class_list":["post-11","page","type-page","status-publish","hentry"],"yoast_head":"<!-- This site is optimized with the Yoast SEO plugin v24.0 - https:\/\/yoast.com\/wordpress\/plugins\/seo\/ -->\n<title>Lana Salgados - Salgadinhos Deliciosos para Festas e Eventos<\/title>\n<meta name=\"description\" content=\"Lana Salgados. Salgadinhos Com Uma Textura Crocante por Fora, Maciez Irresist\u00edvel por Dentro e Recheios Que V\u00e3o te Deixar com \u00c1gua na Boca!\" \/>\n<meta name=\"robots\" content=\"index, follow, max-snippet:-1, max-image-preview:large, max-video-preview:-1\" \/>\n<link rel=\"canonical\" href=\"https:\/\/lanasalgados.com.br\/\" \/>\n<meta property=\"og:locale\" content=\"pt_BR\" \/>\n<meta property=\"og:type\" content=\"article\" \/>\n<meta property=\"og:title\" content=\"Lana Salgados - Salgadinhos Deliciosos para Festas e Eventos\" \/>\n<meta property=\"og:description\" content=\"Lana Salgados. Salgadinhos Com Uma Textura Crocante por Fora, Maciez Irresist\u00edvel por Dentro e Recheios Que V\u00e3o te Deixar com \u00c1gua na Boca!\" \/>\n<meta property=\"og:url\" content=\"https:\/\/lanasalgados.com.br\/\" \/>\n<meta property=\"og:site_name\" content=\"Lana Salgados\" \/>\n<meta property=\"article:modified_time\" content=\"2026-02-02T12:30:12+00:00\" \/>\n<meta name=\"twitter:card\" content=\"summary_large_image\" \/>\n<script type=\"application\/ld+json\" class=\"yoast-schema-graph\">{\"@context\":\"https:\/\/schema.org\",\"@graph\":[{\"@type\":\"WebPage\",\"@id\":\"https:\/\/lanasalgados.com.br\/\",\"url\":\"https:\/\/lanasalgados.com.br\/\",\"name\":\"Lana Salgados - Salgadinhos Deliciosos para Festas e Eventos\",\"isPartOf\":{\"@id\":\"https:\/\/lanasalgados.com.br\/#website\"},\"datePublished\":\"2024-02-06T20:20:50+00:00\",\"dateModified\":\"2026-02-02T12:30:12+00:00\",\"description\":\"Lana Salgados. Salgadinhos Com Uma Textura Crocante por Fora, Maciez Irresist\u00edvel por Dentro e Recheios Que V\u00e3o te Deixar com \u00c1gua na Boca!\",\"breadcrumb\":{\"@id\":\"https:\/\/lanasalgados.com.br\/#breadcrumb\"},\"inLanguage\":\"pt-BR\",\"potentialAction\":[{\"@type\":\"ReadAction\",\"target\":[\"https:\/\/lanasalgados.com.br\/\"]}]},{\"@type\":\"BreadcrumbList\",\"@id\":\"https:\/\/lanasalgados.com.br\/#breadcrumb\",\"itemListElement\":[{\"@type\":\"ListItem\",\"position\":1,\"name\":\"In\u00edcio\",\"item\":\"https:\/\/lanasalgados.com.br\/\"},{\"@type\":\"ListItem\",\"position\":2,\"name\":\"Lana Salgados\"}]},{\"@type\":\"WebSite\",\"@id\":\"https:\/\/lanasalgados.com.br\/#website\",\"url\":\"https:\/\/lanasalgados.com.br\/\",\"name\":\"Lana Salgados\",\"description\":\"Salgadinhos Sob Encomenda Para Festas e Eventos\",\"publisher\":{\"@id\":\"https:\/\/lanasalgados.com.br\/#organization\"},\"potentialAction\":[{\"@type\":\"SearchAction\",\"target\":{\"@type\":\"EntryPoint\",\"urlTemplate\":\"https:\/\/lanasalgados.com.br\/?s={search_term_string}\"},\"query-input\":{\"@type\":\"PropertyValueSpecification\",\"valueRequired\":true,\"valueName\":\"search_term_string\"}}],\"inLanguage\":\"pt-BR\"},{\"@type\":\"Organization\",\"@id\":\"https:\/\/lanasalgados.com.br\/#organization\",\"name\":\"Lana Salgados\",\"url\":\"https:\/\/lanasalgados.com.br\/\",\"logo\":{\"@type\":\"ImageObject\",\"inLanguage\":\"pt-BR\",\"@id\":\"https:\/\/lanasalgados.com.br\/#\/schema\/logo\/image\/\",\"url\":\"https:\/\/lanasalgados.com.br\/wp-content\/uploads\/2024\/02\/Logo.png\",\"contentUrl\":\"https:\/\/lanasalgados.com.br\/wp-content\/uploads\/2024\/02\/Logo.png\",\"width\":255,\"height\":231,\"caption\":\"Lana Salgados\"},\"image\":{\"@id\":\"https:\/\/lanasalgados.com.br\/#\/schema\/logo\/image\/\"},\"sameAs\":[\"https:\/\/www.instagram.com\/salgadoslana\"]}]}<\/script>\n<!-- \/ Yoast SEO plugin. -->","yoast_head_json":{"title":"Lana Salgados - Salgadinhos Deliciosos para Festas e Eventos","description":"Lana Salgados. Salgadinhos Com Uma Textura Crocante por Fora, Maciez Irresist\u00edvel por Dentro e Recheios Que V\u00e3o te Deixar com \u00c1gua na Boca!","robots":{"index":"index","follow":"follow","max-snippet":"max-snippet:-1","max-image-preview":"max-image-preview:large","max-video-preview":"max-video-preview:-1"},"canonical":"https:\/\/lanasalgados.com.br\/","og_locale":"pt_BR","og_type":"article","og_title":"Lana Salgados - Salgadinhos Deliciosos para Festas e Eventos","og_description":"Lana Salgados. Salgadinhos Com Uma Textura Crocante por Fora, Maciez Irresist\u00edvel por Dentro e Recheios Que V\u00e3o te Deixar com \u00c1gua na Boca!","og_url":"https:\/\/lanasalgados.com.br\/","og_site_name":"Lana Salgados","article_modified_time":"2026-02-02T12:30:12+00:00","twitter_card":"summary_large_image","schema":{"@context":"https:\/\/schema.org","@graph":[{"@type":"WebPage","@id":"https:\/\/lanasalgados.com.br\/","url":"https:\/\/lanasalgados.com.br\/","name":"Lana Salgados - Salgadinhos Deliciosos para Festas e Eventos","isPartOf":{"@id":"https:\/\/lanasalgados.com.br\/#website"},"datePublished":"2024-02-06T20:20:50+00:00","dateModified":"2026-02-02T12:30:12+00:00","description":"Lana Salgados. Salgadinhos Com Uma Textura Crocante por Fora, Maciez Irresist\u00edvel por Dentro e Recheios Que V\u00e3o te Deixar com \u00c1gua na Boca!","breadcrumb":{"@id":"https:\/\/lanasalgados.com.br\/#breadcrumb"},"inLanguage":"pt-BR","potentialAction":[{"@type":"ReadAction","target":["https:\/\/lanasalgados.com.br\/"]}]},{"@type":"BreadcrumbList","@id":"https:\/\/lanasalgados.com.br\/#breadcrumb","itemListElement":[{"@type":"ListItem","position":1,"name":"In\u00edcio","item":"https:\/\/lanasalgados.com.br\/"},{"@type":"ListItem","position":2,"name":"Lana Salgados"}]},{"@type":"WebSite","@id":"https:\/\/lanasalgados.com.br\/#website","url":"https:\/\/lanasalgados.com.br\/","name":"Lana Salgados","description":"Salgadinhos Sob Encomenda Para Festas e Eventos","publisher":{"@id":"https:\/\/lanasalgados.com.br\/#organization"},"potentialAction":[{"@type":"SearchAction","target":{"@type":"EntryPoint","urlTemplate":"https:\/\/lanasalgados.com.br\/?s={search_term_string}"},"query-input":{"@type":"PropertyValueSpecification","valueRequired":true,"valueName":"search_term_string"}}],"inLanguage":"pt-BR"},{"@type":"Organization","@id":"https:\/\/lanasalgados.com.br\/#organization","name":"Lana Salgados","url":"https:\/\/lanasalgados.com.br\/","logo":{"@type":"ImageObject","inLanguage":"pt-BR","@id":"https:\/\/lanasalgados.com.br\/#\/schema\/logo\/image\/","url":"https:\/\/lanasalgados.com.br\/wp-content\/uploads\/2024\/02\/Logo.png","contentUrl":"https:\/\/lanasalgados.com.br\/wp-content\/uploads\/2024\/02\/Logo.png","width":255,"height":231,"caption":"Lana Salgados"},"image":{"@id":"https:\/\/lanasalgados.com.br\/#\/schema\/logo\/image\/"},"sameAs":["https:\/\/www.instagram.com\/salgadoslana"]}]}},"_links":{"self":[{"href":"https:\/\/lanasalgados.com.br\/index.php\/wp-json\/wp\/v2\/pages\/11","targetHints":{"allow":["GET"]}}],"collection":[{"href":"https:\/\/lanasalgados.com.br\/index.php\/wp-json\/wp\/v2\/pages"}],"about":[{"href":"https:\/\/lanasalgados.com.br\/index.php\/wp-json\/wp\/v2\/types\/page"}],"author":[{"embeddable":true,"href":"https:\/\/lanasalgados.com.br\/index.php\/wp-json\/wp\/v2\/users\/1"}],"replies":[{"embeddable":true,"href":"https:\/\/lanasalgados.com.br\/index.php\/wp-json\/wp\/v2\/comments?post=11"}],"version-history":[{"count":17,"href":"https:\/\/lanasalgados.com.br\/index.php\/wp-json\/wp\/v2\/pages\/11\/revisions"}],"predecessor-version":[{"id":171,"href":"https:\/\/lanasalgados.com.br\/index.php\/wp-json\/wp\/v2\/pages\/11\/revisions\/171"}],"wp:attachment":[{"href":"https:\/\/lanasalgados.com.br\/index.php\/wp-json\/wp\/v2\/media?parent=11"}],"curies":[{"name":"wp","href":"https:\/\/api.w.org\/{rel}","templated":true}]}}